{"id":350,"date":"2019-04-25T15:39:51","date_gmt":"2019-04-25T13:39:51","guid":{"rendered":"https:\/\/save-local-bees.org\/qui-sommes-nous\/"},"modified":"2019-12-18T12:28:37","modified_gmt":"2019-12-18T11:28:37","slug":"about-us","status":"publish","type":"page","link":"https:\/\/save-local-bees.org\/en\/about-us\/","title":{"rendered":"About Us"},"content":{"rendered":"<h1>#savelocalbees: COALITION FOR THE PROTECTION OF LOCAL BEES IN EUROPE<\/h1>\n<p>Environmental NGOs, local bee conservatories, nature organizations, researchers, supporters of traditional and sustainable beekeeping&#8230; All over Europe, we are working and campaigning for the protection of subspecies and local ecotypes of bees. We gathered under the motto #SaveLocalBees.<\/p>\n<h2>THIS INITIATIVE IS SUPPORTED BY:<\/h2>\n<p><img loading=\"lazy\" decoding=\"async\" class=\"alignnone wp-image-1087\" src=\"https:\/\/save-local-bees.org\/admin\/wp-content\/uploads\/2019\/12\/logo-sicamm-2-640x235.png\" alt=\"logo Sicamm\" width=\"349\" height=\"128\" srcset=\"https:\/\/save-local-bees.org\/admin\/wp-content\/uploads\/2019\/12\/logo-sicamm-2-640x235.png 640w, https:\/\/save-local-bees.org\/admin\/wp-content\/uploads\/2019\/12\/logo-sicamm-2-80x29.png 80w, https:\/\/save-local-bees.org\/admin\/wp-content\/uploads\/2019\/12\/logo-sicamm-2.png 1023w, https:\/\/save-local-bees.org\/admin\/wp-content\/uploads\/2019\/12\/logo-sicamm-2-80x29@2x.png 160w\" sizes=\"auto, (max-width: 349px) 100vw, 349px\" \/><\/p>\n<p>SICAMM was founded in 1995 at Flekkefjord, Norway by beekeepers and scientists from Austria, Denmark, Germany, Norway, Poland, Sweden, Switzerland and the United Kingdom, as an international association devoted to the protection of the European dark honeybee,\u00a0<em>Apis mellifera mellifera<\/em>. Participation has since extended to most European countries.<\/p>\n<p><strong>For more information:<\/strong> <a href=\"http:\/\/www.sicamm.org\/\" target=\"_blank\" rel=\"noopener noreferrer\">www.sicamm.org<\/a><\/p>\n<p>&nbsp;<\/p>\n<p><img loading=\"lazy\" decoding=\"async\" class=\"alignnone wp-image-552\" src=\"https:\/\/save-local-bees.org\/admin\/wp-content\/uploads\/2019\/10\/fedcan-vertical-quadri-aile-jaune-provisoire-640x230.jpg\" alt=\"logo FEdCAN\" width=\"331\" height=\"119\" srcset=\"https:\/\/save-local-bees.org\/admin\/wp-content\/uploads\/2019\/10\/fedcan-vertical-quadri-aile-jaune-provisoire-640x230.jpg 640w, https:\/\/save-local-bees.org\/admin\/wp-content\/uploads\/2019\/10\/fedcan-vertical-quadri-aile-jaune-provisoire-80x29.jpg 80w, https:\/\/save-local-bees.org\/admin\/wp-content\/uploads\/2019\/10\/fedcan-vertical-quadri-aile-jaune-provisoire.jpg 1284w, https:\/\/save-local-bees.org\/admin\/wp-content\/uploads\/2019\/10\/fedcan-vertical-quadri-aile-jaune-provisoire-640x230@2x.jpg 1280w, https:\/\/save-local-bees.org\/admin\/wp-content\/uploads\/2019\/10\/fedcan-vertical-quadri-aile-jaune-provisoire-80x29@2x.jpg 160w\" sizes=\"auto, (max-width: 331px) 100vw, 331px\" \/><\/p>\n<p>The European Federation of Dark Bee Conservatories (<em>F\u00e9d\u00e9ration europ\u00e9enne des conservatoires de l&#8217;abeille noire,<\/em> FEdCAN) was created December 16th, 2015. Its purpose is to promote and preserve the endemic dark bee of Western Europe.<\/p>\n<p><strong>For more information:<\/strong> <a href=\"http:\/\/www.fedcan.org\" target=\"_blank\" rel=\"noopener noreferrer\">www.fedcan.org<\/a><\/p>\n<p>&nbsp;<\/p>\n<p><img loading=\"lazy\" decoding=\"async\" class=\"alignnone size-full wp-image-273\" src=\"https:\/\/save-local-bees.org\/admin\/wp-content\/uploads\/2019\/04\/logo-polinis.png\" alt=\"logo POLLINIS\" width=\"341\" height=\"54\" \/><\/p>\n<p>POLLINIS is an independent NGO, funded exclusively by donations from individuals to protect wild and honey bees and to promote sustainable agriculture that respects all pollinators. Founded in 2012 by a few committed and voluntary citizens, the association now counts more than 1.3 million supporters across Europe.<\/p>\n<p><strong>For more information:<\/strong> <a href=\"http:\/\/www.pollinis.org\" target=\"_blank\" rel=\"noopener noreferrer\">www.pollinis.org<\/a><\/p>\n","protected":false},"excerpt":{"rendered":"<p>#savelocalbees: COALITION FOR THE PROTECTION OF LOCAL BEES IN EUROPE Environmental NGOs, local bee conservatories, nature organizations, researchers, supporters of traditional and sustainable beekeeping&#8230; All over Europe, we are working and campaigning for the protection of subspecies and local ecotypes of bees. We gathered under the motto #SaveLocalBees. THIS INITIATIVE IS SUPPORTED BY: SICAMM was [&hellip;]<\/p>\n","protected":false},"author":1,"featured_media":0,"parent":0,"menu_order":0,"comment_status":"closed","ping_status":"closed","template":"","meta":{"_acf_changed":false,"footnotes":""},"class_list":["post-350","page","type-page","status-publish","hentry"],"acf":[],"_links":{"self":[{"href":"https:\/\/save-local-bees.org\/en\/wp-json\/wp\/v2\/pages\/350","targetHints":{"allow":["GET"]}}],"collection":[{"href":"https:\/\/save-local-bees.org\/en\/wp-json\/wp\/v2\/pages"}],"about":[{"href":"https:\/\/save-local-bees.org\/en\/wp-json\/wp\/v2\/types\/page"}],"author":[{"embeddable":true,"href":"https:\/\/save-local-bees.org\/en\/wp-json\/wp\/v2\/users\/1"}],"replies":[{"embeddable":true,"href":"https:\/\/save-local-bees.org\/en\/wp-json\/wp\/v2\/comments?post=350"}],"version-history":[{"count":5,"href":"https:\/\/save-local-bees.org\/en\/wp-json\/wp\/v2\/pages\/350\/revisions"}],"predecessor-version":[{"id":1311,"href":"https:\/\/save-local-bees.org\/en\/wp-json\/wp\/v2\/pages\/350\/revisions\/1311"}],"wp:attachment":[{"href":"https:\/\/save-local-bees.org\/en\/wp-json\/wp\/v2\/media?parent=350"}],"curies":[{"name":"wp","href":"https:\/\/api.w.org\/{rel}","templated":true}]}}